{"id":1275,"date":"2021-03-23T08:33:02","date_gmt":"2021-03-23T07:33:02","guid":{"rendered":"http:\/\/motel-majolka.si\/?page_id=1275"},"modified":"2021-03-23T08:33:02","modified_gmt":"2021-03-23T07:33:02","slug":"online-cookies","status":"publish","type":"page","link":"https:\/\/motel-majolka.si\/de\/online-cookies\/","title":{"rendered":"Online Cookies"},"content":{"rendered":"<h2> Grundlegende Informationen <\/h2>\n<p>Mit dem neuen Gesetz \u00fcber elektronische Kommunikation, ZEKom-1, wurde die ge\u00e4nderte Richtlinie zum Datenschutz in der elektronischen Kommunikation 2002\/58 \/ EG in slowenisches Recht umgesetzt. Entscheidungen des neuen Gesetzes treten am 15. Juni 2013 in Kraft und gelten f\u00fcr alle Websites, die Web-Cookies und \u00e4hnliche Technologien in irgendeiner Weise f\u00fcr ihren Betrieb verwenden.<\/p>\n<p>In der Richtlinie wurde ein Artikel ge\u00e4ndert, der sich mit Cookies und \u00e4hnlichen Technologien befasst, mit denen Informationen gespeichert oder Informationen abgerufen werden k\u00f6nnen, die auf den Endger\u00e4ten eines Benutzers (z. B. einem Computer oder einem mobilen Ger\u00e4t) gespeichert sind. Der Einsatz solcher Technologien ist nur noch mit Zustimmung des Anwenders m\u00f6glich.<\/p>\n<p>Die Verwendung von Cookies im Internet ist nichts Neues, aber die Benutzer sind mit solchen Technologien sowie den Tools, mit denen Cookies verwaltet werden k\u00f6nnen, im Allgemeinen nicht vertraut.<\/p>\n<h2> Was sind Web-Cookies? <\/h2>\n<p>Ein Cookie ist eine kleine Textdatei, die beim Besuch der Website auf den Computer eines Benutzers heruntergeladen wird und normalerweise Folgendes enth\u00e4lt:<\/p>\n<ul>\n<li> Der Name des Servers, von dem das Cookie gesendet wurde; <\/li>\n<li> Cookie-Lebensdauer; <\/li>\n<li> value &#8211; normalerweise eine zuf\u00e4llig generierte eindeutige Zahl. <\/li>\n<p><\/ ul><br \/>\nDer Cookie selbst enth\u00e4lt oder sammelt keine Informationen. Wenn es jedoch vom Server zusammen mit einem Webbrowser gelesen wird, kann es der Site helfen, benutzerfreundlichere Dienste auszuf\u00fchren &#8211; beispielsweise indem fr\u00fchere Eink\u00e4ufe oder Benutzerkontoinformationen gespeichert werden. Nur der Server, der das Cookie gesendet hat, kann dieses Cookie lesen und verwenden. Auf einer vertrauensw\u00fcrdigen Website k\u00f6nnen Cookies die Erfahrung bereichern. Cookies k\u00f6nnen jedoch auch auf eine Weise verwendet werden, die eine Verletzung der Privatsph\u00e4re einer Person darstellt. Cookies k\u00f6nnen unterschiedlich lange gespeichert werden, nur f\u00fcr die Dauer der Browsersitzung oder viel l\u00e4nger.<\/p>\n<h2> Zweck der Verwendung von Cookies <\/h2>\n<p>Aus Sicht des Zwecks verwenden wir folgende Cookies:<\/p>\n<ul>\n<li> Wesentlich: Nur Website-Betrieb erforderlich <\/li>\n<li> Analytisch: Cookies sammeln Informationen dar\u00fcber, wie Besucher die Website nutzen, und verbessern damit die Leistung der Website. <\/Li>\n<li> Funktionalit\u00e4t: Mit diesen Cookies kann sich die Website an Ihre Auswahl erinnern, z. Benutzername und andere Einstellungen f\u00fcr eine bessere Benutzererfahrung. <\/li>\n<li> Werbung: Wir verwenden diese Cookies, um Ihnen Inhalte zu senden, die Ihren Interessen am besten entsprechen. Wir k\u00f6nnen den Inhalt unserer Seiten durch Werbung kostenlos zug\u00e4nglich machen. <\/Li>\n<\/ul>\n<h2> Cookies deaktivieren <\/h2>\n<p>Informationen zum L\u00f6schen von Cookies auf Ihrem Ger\u00e4t finden Sie in dem von Ihnen verwendeten Browser:<\/p>\n<ul>\n<li><a href=\"http:\/\/windows.microsoft.com\/sl-si\/windows7\/how-to-manage-cookies-in-internet-explorer-9\" target=\"_blank\" rel=\"noreferrer noopener\">Internet Explorer 9<\/a><\/li>\n<li><a href=\"http:\/\/windows.microsoft.com\/sl-si\/windows-vista\/block-or-allow-cookies\" target=\"_blank\" rel=\"noreferrer noopener\">Internet Explorer 7 in 8<\/a><\/li>\n<li><a href=\"https:\/\/support.google.com\/chrome\/answer\/95647?hl=sl-sl&amp;p=cpn_cookies\" target=\"_blank\" rel=\"noreferrer noopener\">Chrome<\/a><\/li>\n<li><a href=\"https:\/\/support.mozilla.org\/sl\/kb\/Kako%20aktivirate%20in%20deaktivirate%20pi%C5%A1kote\" target=\"_blank\" rel=\"noreferrer noopener\">Firefox<\/a><\/li>\n<li><a href=\"https:\/\/www.opera.com\/help\/tutorials\/security\/cookies\/\" target=\"_blank\" rel=\"noreferrer noopener\">Opera<\/a><\/li>\n<li><a href=\"https:\/\/support.apple.com\/kb\/PH11913\" target=\"_blank\" rel=\"noreferrer noopener\">Safari<\/a><\/li>\n<\/ul>\n<p>&nbsp;<\/p>\n","protected":false},"excerpt":{"rendered":"<p>Grundlegende Informationen Mit dem neuen Gesetz \u00fcber elektronische Kommunikation, ZEKom-1, wurde die ge\u00e4nderte Richtlinie zum Datenschutz in der elektronischen Kommunikation 2002\/58 \/ EG in slowenisches Recht umgesetzt. Entscheidungen des neuen Gesetzes treten am 15. Juni 2013 in Kraft und gelten f\u00fcr alle Websites, die Web-Cookies und \u00e4hnliche Technologien in irgendeiner Weise f\u00fcr ihren Betrieb verwenden. [&hellip;]<\/p>\n","protected":false},"author":1,"featured_media":0,"parent":0,"menu_order":0,"comment_status":"closed","ping_status":"closed","template":"","meta":{"_acf_changed":false,"_seopress_robots_primary_cat":"","_seopress_titles_title":"","_seopress_titles_desc":"","_seopress_robots_index":"","_monsterinsights_skip_tracking":false,"_monsterinsights_sitenote_active":false,"_monsterinsights_sitenote_note":"","_monsterinsights_sitenote_category":0,"footnotes":""},"class_list":["post-1275","page","type-page","status-publish","hentry"],"acf":[],"_links":{"self":[{"href":"https:\/\/motel-majolka.si\/de\/wp-json\/wp\/v2\/pages\/1275","targetHints":{"allow":["GET"]}}],"collection":[{"href":"https:\/\/motel-majolka.si\/de\/wp-json\/wp\/v2\/pages"}],"about":[{"href":"https:\/\/motel-majolka.si\/de\/wp-json\/wp\/v2\/types\/page"}],"author":[{"embeddable":true,"href":"https:\/\/motel-majolka.si\/de\/wp-json\/wp\/v2\/users\/1"}],"replies":[{"embeddable":true,"href":"https:\/\/motel-majolka.si\/de\/wp-json\/wp\/v2\/comments?post=1275"}],"version-history":[{"count":1,"href":"https:\/\/motel-majolka.si\/de\/wp-json\/wp\/v2\/pages\/1275\/revisions"}],"predecessor-version":[{"id":1276,"href":"https:\/\/motel-majolka.si\/de\/wp-json\/wp\/v2\/pages\/1275\/revisions\/1276"}],"wp:attachment":[{"href":"https:\/\/motel-majolka.si\/de\/wp-json\/wp\/v2\/media?parent=1275"}],"curies":[{"name":"wp","href":"https:\/\/api.w.org\/{rel}","templated":true}]}}