{"id":1270,"date":"2021-03-23T08:26:29","date_gmt":"2021-03-23T07:26:29","guid":{"rendered":"http:\/\/motel-majolka.si\/?page_id=1270"},"modified":"2024-06-06T18:35:53","modified_gmt":"2024-06-06T16:35:53","slug":"ueber-uns","status":"publish","type":"page","link":"https:\/\/motel-majolka.si\/de\/ueber-uns\/","title":{"rendered":"\u00dcber uns"},"content":{"rendered":"<div class=\"wpb-content-wrapper\"><p>[vc_section el_name=&#8220;Welcome Section&#8220; el_class=&#8220;o-nas-zacetek&#8220;][vc_row][vc_column]<div class=\"wpb_content_element \"><style type=\"text\/css\">#ut_header_69f2b99925f07 h2.section-title { font-size:50px !important;letter-spacing:-0.02em; }<\/style><header id=\"ut_header_69f2b99925f07\" class=\"section-header  ut-no-title-linebreak-mobile ut-no-lead-linebreak-mobile pt-style-7 header-center header-tablet-center header-mobile-center\"><h2 data-title=\"Unser Angebot\"  data-responsive-font=\"section_title\" data-responsive-font-settings=\"{&quot;base-font-size&quot;:&quot;global&quot;,&quot;font-size&quot;:{&quot;desktop_large&quot;:&quot;50&quot;},&quot;base-line-height&quot;:&quot;global&quot;,&quot;base-letter-spacing&quot;:&quot;global&quot;,&quot;letter-spacing&quot;:{&quot;desktop_large&quot;:&quot;-0.02&quot;}}\" class=\"section-title  \"><span>Unser Angebot<\/span><\/h2><div data-delay=\"0\" class=\"lead \"><p>Das Motel Majolka bietet einen angenehmen und ger\u00e4umigen Ort f\u00fcr geschlossene Gesellschaften, wo Sie verschiedene Veranstaltungen wie Geburtstage, Jubil\u00e4en, Gesch\u00e4ftstreffen und andere besondere Anl\u00e4sse feiern k\u00f6nnen.<\/p>\n<\/div><\/header><\/div>[\/vc_column][\/vc_row][vc_row el_class=&#8220;opisi-onas&#8220;][vc_column width=&#8220;1\/3&#8243;]<style type=\"text\/css\">#ut_custom_heading69f2b99928d32 { font-size:25px !important; }#ut_custom_heading69f2b99928d32 { text-align:left; }@media (min-width: 768px) and (max-width: 1024px) { #ut_custom_heading69f2b99928d32 { text-align:left; } }@media (max-width: 767px) { #ut_custom_heading69f2b99928d32 { text-align:left; } }<\/style><h2 id=\"ut_custom_heading69f2b99928d32\" data-responsive-font=\"h2\" data-responsive-font-settings=\"{&quot;base-font-size&quot;:&quot;global&quot;,&quot;font-size&quot;:{&quot;desktop_large&quot;:&quot;25&quot;},&quot;base-line-height&quot;:&quot;global&quot;,&quot;base-letter-spacing&quot;:&quot;global&quot;}\" class=\"ut-custom-heading-module  \" ><span class=\"\" >Buffet &#8211; Fr\u00fchst\u00fccksb\u00fcffet<\/span><\/h2><style type=\"text\/css\">#ut_custom_heading69f2b99928d99 { font-size:16px !important;line-height:30px !important; }#ut_custom_heading69f2b99928d99 { text-align:left; }@media (min-width: 768px) and (max-width: 1024px) { #ut_custom_heading69f2b99928d99 { text-align:left; } }@media (max-width: 767px) { #ut_custom_heading69f2b99928d99 { text-align:left; } }<\/style><p id=\"ut_custom_heading69f2b99928d99\" data-responsive-font=\"p\" data-responsive-font-settings=\"{&quot;base-font-size&quot;:&quot;16&quot;,&quot;font-size-unit&quot;:&quot;px&quot;,&quot;font-size&quot;:{&quot;desktop_large&quot;:&quot;16&quot;},&quot;base-line-height&quot;:&quot;global&quot;,&quot;line-height&quot;:{&quot;desktop_large&quot;:&quot;30&quot;},&quot;base-letter-spacing&quot;:&quot;global&quot;}\" class=\"ut-custom-heading-module  \" ><span class=\"\" >Jeden Morgen bieten wir Ihnen ein abwechslungsreiches Fr\u00fchst\u00fccksbuffet, bei dem Sie zwischen warmen und kalten Speisen, frischem Obst, Backwaren und verschiedenen Getr\u00e4nken w\u00e4hlen k\u00f6nnen.<\/p>\n<p>Am Wochenende bieten wir Ihnen ein reichhaltiges Buffet an, bei dem Sie aus einer Vielzahl an Vorspeisen, Hauptgerichten und Desserts w\u00e4hlen k\u00f6nnen. Wir bereiten Gerichte aus frischen und hochwertigen Zutaten zu, um auch den anspruchsvollsten Geschmack zu befriedigen.<\/span><\/p>[\/vc_column][vc_column width=&#8220;1\/3&#8243;]<style type=\"text\/css\">#ut_custom_heading69f2b99928ddf { font-size:25px !important; }#ut_custom_heading69f2b99928ddf { text-align:left; }@media (min-width: 768px) and (max-width: 1024px) { #ut_custom_heading69f2b99928ddf { text-align:left; } }@media (max-width: 767px) { #ut_custom_heading69f2b99928ddf { text-align:left; } }<\/style><h2 id=\"ut_custom_heading69f2b99928ddf\" data-responsive-font=\"h2\" data-responsive-font-settings=\"{&quot;base-font-size&quot;:&quot;global&quot;,&quot;font-size&quot;:{&quot;desktop_large&quot;:&quot;25&quot;},&quot;base-line-height&quot;:&quot;global&quot;,&quot;base-letter-spacing&quot;:&quot;global&quot;}\" class=\"ut-custom-heading-module  \" ><span class=\"\" >Burger und Pizza<\/span><\/h2><style type=\"text\/css\">#ut_custom_heading69f2b99928e1c { font-size:16px !important;line-height:30px !important; }#ut_custom_heading69f2b99928e1c { text-align:left; }@media (min-width: 768px) and (max-width: 1024px) { #ut_custom_heading69f2b99928e1c { text-align:left; } }@media (max-width: 767px) { #ut_custom_heading69f2b99928e1c { text-align:left; } }<\/style><p id=\"ut_custom_heading69f2b99928e1c\" data-responsive-font=\"p\" data-responsive-font-settings=\"{&quot;base-font-size&quot;:&quot;16&quot;,&quot;font-size-unit&quot;:&quot;px&quot;,&quot;font-size&quot;:{&quot;desktop_large&quot;:&quot;16&quot;},&quot;base-line-height&quot;:&quot;global&quot;,&quot;line-height&quot;:{&quot;desktop_large&quot;:&quot;30&quot;},&quot;base-letter-spacing&quot;:&quot;global&quot;}\" class=\"ut-custom-heading-module  \" ><span class=\"\" >In unserer Speisekarte finden Sie saftige Burger und leckere Pizzen, die wir nach eigenen Rezepten zubereiten. Es stehen verschiedene Kombinationen zur Verf\u00fcgung, die Ihre G\u00e4ste mit Sicherheit beeindrucken werden.<\/p>\n<p>Brotofenpizza ist ein einzigartiges und k\u00f6stliches Erlebnis, das traditionelle Zubereitung mit den besten Zutaten kombiniert. Der Brotbackofen sorgt daf\u00fcr, dass jede Pizza perfekt gebacken wird, mit einem goldbraunen Rand und einer zart knusprigen Kruste. Unsere Brotofenpizza ist ein wahres kulinarisches Meisterwerk, das Sie unbedingt probieren m\u00fcssen.<\/span><\/p>[\/vc_column][vc_column width=&#8220;1\/3&#8243;]<style type=\"text\/css\">#ut_custom_heading69f2b99928e5b { font-size:25px !important; }#ut_custom_heading69f2b99928e5b { text-align:left; }@media (min-width: 768px) and (max-width: 1024px) { #ut_custom_heading69f2b99928e5b { text-align:left; } }@media (max-width: 767px) { #ut_custom_heading69f2b99928e5b { text-align:left; } }<\/style><h2 id=\"ut_custom_heading69f2b99928e5b\" data-responsive-font=\"h2\" data-responsive-font-settings=\"{&quot;base-font-size&quot;:&quot;global&quot;,&quot;font-size&quot;:{&quot;desktop_large&quot;:&quot;25&quot;},&quot;base-line-height&quot;:&quot;global&quot;,&quot;base-letter-spacing&quot;:&quot;global&quot;}\" class=\"ut-custom-heading-module  \" ><span class=\"\" >Parkplatz f\u00fcr Wohnmobile<\/span><\/h2><style type=\"text\/css\">#ut_custom_heading69f2b99928e95 { font-size:16px !important;line-height:30px !important; }#ut_custom_heading69f2b99928e95 { text-align:left; }@media (min-width: 768px) and (max-width: 1024px) { #ut_custom_heading69f2b99928e95 { text-align:left; } }@media (max-width: 767px) { #ut_custom_heading69f2b99928e95 { text-align:left; } }<\/style><p id=\"ut_custom_heading69f2b99928e95\" data-responsive-font=\"p\" data-responsive-font-settings=\"{&quot;base-font-size&quot;:&quot;16&quot;,&quot;font-size-unit&quot;:&quot;px&quot;,&quot;font-size&quot;:{&quot;desktop_large&quot;:&quot;16&quot;},&quot;base-line-height&quot;:&quot;global&quot;,&quot;line-height&quot;:{&quot;desktop_large&quot;:&quot;30&quot;},&quot;base-letter-spacing&quot;:&quot;global&quot;}\" class=\"ut-custom-heading-module  \" ><span class=\"\" >Der Parkplatz ist 24 Stunden am Tag und jeden Tag der Woche ge\u00f6ffnet. Die Anzahl der Parkpl\u00e4tze betr\u00e4gt 18. Wir bieten Strom, Wasser, Toilette, Dusche, Entleerung von Schmutzwasser und Toilettenkassetten. Ein paar Schritte entfernt befindet sich das Restaurant Majolka, das Ihnen hervorragende und k\u00f6stliche frische Speisen bietet.<\/span><\/p>[\/vc_column][\/vc_row][vc_row][vc_column width=&#8220;1\/3&#8243;]<style type=\"text\/css\">#ut_custom_heading69f2b99928ed2 { font-size:25px !important; }#ut_custom_heading69f2b99928ed2 { text-align:left; }@media (min-width: 768px) and (max-width: 1024px) { #ut_custom_heading69f2b99928ed2 { text-align:left; } }@media (max-width: 767px) { #ut_custom_heading69f2b99928ed2 { text-align:left; } }<\/style><h2 id=\"ut_custom_heading69f2b99928ed2\" data-responsive-font=\"h2\" data-responsive-font-settings=\"{&quot;base-font-size&quot;:&quot;global&quot;,&quot;font-size&quot;:{&quot;desktop_large&quot;:&quot;25&quot;},&quot;base-line-height&quot;:&quot;global&quot;,&quot;base-letter-spacing&quot;:&quot;global&quot;}\" class=\"ut-custom-heading-module  \" ><span class=\"\" >T\u00e4glich frische Snacks<\/span><\/h2><style type=\"text\/css\">#ut_custom_heading69f2b99928f0b { font-size:16px !important;line-height:30px !important; }#ut_custom_heading69f2b99928f0b { text-align:left; }@media (min-width: 768px) and (max-width: 1024px) { #ut_custom_heading69f2b99928f0b { text-align:left; } }@media (max-width: 767px) { #ut_custom_heading69f2b99928f0b { text-align:left; } }<\/style><p id=\"ut_custom_heading69f2b99928f0b\" data-responsive-font=\"p\" data-responsive-font-settings=\"{&quot;base-font-size&quot;:&quot;16&quot;,&quot;font-size-unit&quot;:&quot;px&quot;,&quot;font-size&quot;:{&quot;desktop_large&quot;:&quot;16&quot;},&quot;base-line-height&quot;:&quot;global&quot;,&quot;line-height&quot;:{&quot;desktop_large&quot;:&quot;30&quot;},&quot;base-letter-spacing&quot;:&quot;global&quot;}\" class=\"ut-custom-heading-module  \" ><span class=\"\" >T\u00e4glich bieten wir Ihnen ein frisch zubereitetes Fr\u00fchst\u00fcck mit einer Auswahl an warmen Gerichten, Salaten, Sandwiches und anderen Snacks. Unsere Snacks eignen sich ideal f\u00fcr ein schnelles, aber hochwertiges Mittagessen oder einen Snack w\u00e4hrend des Arbeitstages.<\/span><\/p>[\/vc_column][vc_column width=&#8220;1\/3&#8243;]<style type=\"text\/css\">#ut_custom_heading69f2b99928f46 { font-size:25px !important; }#ut_custom_heading69f2b99928f46 { text-align:left; }@media (min-width: 768px) and (max-width: 1024px) { #ut_custom_heading69f2b99928f46 { text-align:left; } }@media (max-width: 767px) { #ut_custom_heading69f2b99928f46 { text-align:left; } }<\/style><h2 id=\"ut_custom_heading69f2b99928f46\" data-responsive-font=\"h2\" data-responsive-font-settings=\"{&quot;base-font-size&quot;:&quot;global&quot;,&quot;font-size&quot;:{&quot;desktop_large&quot;:&quot;25&quot;},&quot;base-line-height&quot;:&quot;global&quot;,&quot;base-letter-spacing&quot;:&quot;global&quot;}\" class=\"ut-custom-heading-module  \" ><span class=\"\" >Bushaltestellen<\/span><\/h2><style type=\"text\/css\">#ut_custom_heading69f2b99928f7f { font-size:16px !important;line-height:30px !important; }#ut_custom_heading69f2b99928f7f { text-align:left; }@media (min-width: 768px) and (max-width: 1024px) { #ut_custom_heading69f2b99928f7f { text-align:left; } }@media (max-width: 767px) { #ut_custom_heading69f2b99928f7f { text-align:left; } }<\/style><p id=\"ut_custom_heading69f2b99928f7f\" data-responsive-font=\"p\" data-responsive-font-settings=\"{&quot;base-font-size&quot;:&quot;16&quot;,&quot;font-size-unit&quot;:&quot;px&quot;,&quot;font-size&quot;:{&quot;desktop_large&quot;:&quot;16&quot;},&quot;base-line-height&quot;:&quot;global&quot;,&quot;line-height&quot;:{&quot;desktop_large&quot;:&quot;30&quot;},&quot;base-letter-spacing&quot;:&quot;global&quot;}\" class=\"ut-custom-heading-module  \" ><span class=\"\" >Motel Majolka ist eine beliebte Bushaltestelle. Wir bieten einen gro\u00dfz\u00fcgigen Parkplatz, auf dem kostenloses Parken m\u00f6glich ist, was besonders f\u00fcr gr\u00f6\u00dfere Gruppen praktisch ist.<\/span><\/p>[\/vc_column][vc_column width=&#8220;1\/3&#8243;]<style type=\"text\/css\">#ut_custom_heading69f2b99928fb9 { font-size:25px !important; }#ut_custom_heading69f2b99928fb9 { text-align:left; }@media (min-width: 768px) and (max-width: 1024px) { #ut_custom_heading69f2b99928fb9 { text-align:left; } }@media (max-width: 767px) { #ut_custom_heading69f2b99928fb9 { text-align:left; } }<\/style><h2 id=\"ut_custom_heading69f2b99928fb9\" data-responsive-font=\"h2\" data-responsive-font-settings=\"{&quot;base-font-size&quot;:&quot;global&quot;,&quot;font-size&quot;:{&quot;desktop_large&quot;:&quot;25&quot;},&quot;base-line-height&quot;:&quot;global&quot;,&quot;base-letter-spacing&quot;:&quot;global&quot;}\" class=\"ut-custom-heading-module  \" ><span class=\"\" >Elektrische Ladestation<\/span><\/h2><style type=\"text\/css\">#ut_custom_heading69f2b99929003 { font-size:16px !important;line-height:30px !important; }#ut_custom_heading69f2b99929003 { text-align:left; }@media (min-width: 768px) and (max-width: 1024px) { #ut_custom_heading69f2b99929003 { text-align:left; } }@media (max-width: 767px) { #ut_custom_heading69f2b99929003 { text-align:left; } }<\/style><p id=\"ut_custom_heading69f2b99929003\" data-responsive-font=\"p\" data-responsive-font-settings=\"{&quot;base-font-size&quot;:&quot;16&quot;,&quot;font-size-unit&quot;:&quot;px&quot;,&quot;font-size&quot;:{&quot;desktop_large&quot;:&quot;16&quot;},&quot;base-line-height&quot;:&quot;global&quot;,&quot;line-height&quot;:{&quot;desktop_large&quot;:&quot;30&quot;},&quot;base-letter-spacing&quot;:&quot;global&quot;}\" class=\"ut-custom-heading-module  \" ><span class=\"\" >F\u00fcr G\u00e4ste mit Elektrofahrzeugen halten wir eine Elektroladestation bereit, die ein komfortables und sorgenfreies Laden der Fahrzeuge w\u00e4hrend des Restaurantbesuchs erm\u00f6glicht.<\/span><\/p>[\/vc_column][\/vc_row][vc_row el_name=&#8220;Welcome Message&#8220; el_class=&#8220;majolka-padding-section&#8220;][vc_column offset=&#8220;vc_col-lg-offset-3 vc_col-lg-6&#8243;]<style type=\"text\/css\">#ut_custom_heading69f2b9992903c { text-align:center; }@media (min-width: 768px) and (max-width: 1024px) { #ut_custom_heading69f2b9992903c { text-align:center; } }@media (max-width: 767px) { #ut_custom_heading69f2b9992903c { text-align:center; } }<\/style><h3 id=\"ut_custom_heading69f2b9992903c\" data-responsive-font=\"h3\" class=\"ut-custom-heading-module  \" ><span class=\"\" >seit 1987<\/span><\/h3><div class=\"wpb_content_element \"><style type=\"text\/css\">#ut_header_69f2b999293ea h2.section-title { font-size:50px !important;letter-spacing:-0.02em; }<\/style><header id=\"ut_header_69f2b999293ea\" class=\"section-header  ut-no-title-linebreak-mobile ut-no-lead-linebreak-mobile pt-style-7 header-center header-tablet-center header-mobile-center\"><h2 data-title=\"Geschichte\"  data-responsive-font=\"section_title\" data-responsive-font-settings=\"{&quot;base-font-size&quot;:&quot;global&quot;,&quot;font-size&quot;:{&quot;desktop_large&quot;:&quot;50&quot;},&quot;base-line-height&quot;:&quot;global&quot;,&quot;base-letter-spacing&quot;:&quot;global&quot;,&quot;letter-spacing&quot;:{&quot;desktop_large&quot;:&quot;-0.02&quot;}}\" class=\"section-title  \"><span>Geschichte<\/span><\/h2><div data-delay=\"0\" class=\"lead \"><p>Am Anfang war es eine Kiesgrube. &#8222;\u0160oder jama&#8220;, sagten sie, mit Wasser, Steinen, M\u00fcll darin &#8230;<\/p>\n<p>Und die Entscheidung fiel. Friderik Bra\u010di\u010d, bekannt als Autoelektriker aus Ptuj Tehnoservis, stellte sich vor, dass es ratsam w\u00e4re, alleine zu fahren\u2026<\/p>\n<p>Genau hier begann er seine Zukunftsvision zu planen und sah eine Gelegenheit f\u00fcr seine Arbeit in der N\u00e4he der damaligen Autobahn. Deshalb beschlossen er und seine Frau Juliana, am Stadtrand von Haloz an der Hauptstra\u00dfe Maribor &#8211; Gru\u0161kovje, eine 10-min\u00fctige Fahrt vom Zentrum von Ptuj entfernt, eine Werkstatt f\u00fcr Autoelektriker zu errichten.<\/p>\n<p>Als der Traum Wirklichkeit wurde, begannen sie dar\u00fcber nachzudenken, ihren Kunden einen Ort anzubieten, an dem sie auf den angebotenen Service warten konnten, und so entstand die Idee des Majolka Bistros.<\/p>\n<p>Durch erfolgreiche Gesch\u00e4ftsjahre ist das Angebot an Catering-Dienstleistungen auf ein h\u00f6heres Niveau gestiegen. Aus einem kleinen Bistro wurde das Motel Majolka geschaffen, das den G\u00e4sten ein Catering-Angebot, ein Reiseb\u00fcro, Unterkunft und Transport bietet &#8230;<\/p>\n<\/div><\/header><\/div><style type=\"text\/css\">#ut_custom_heading69f2b99929a88 { color:#ce5c57; }#ut_custom_heading69f2b99929a88 { font-family: \"Dancing Script\";font-weight:400;font-style:normal; }#ut_custom_heading69f2b99929a88{ font-size: 46px }#ut_custom_heading69f2b99929a88{ line-height: 125% }#ut_custom_heading69f2b99929a88 { text-align:center; }@media (min-width: 768px) and (max-width: 1024px) { #ut_custom_heading69f2b99929a88 { text-align:center; } }@media (max-width: 767px) { #ut_custom_heading69f2b99929a88 { text-align:center; } }<\/style><div id=\"ut_custom_heading69f2b99929a88\" data-responsive-font=\"div\" data-responsive-font-settings=\"{&quot;base-font-size&quot;:&quot;46&quot;,&quot;base-line-height&quot;:&quot;125&quot;}\" class=\"ut-custom-heading-module   vc_custom_1616484497155\" ><span class=\"\" >eingeladen<\/span><\/div>[\/vc_column][\/vc_row][\/vc_section][vc_section el_name=&#8220;Image Section&#8220;][vc_row el_name=&#8220;Images&#8220;][vc_column][vc_column_text]<\/p>\n<h2 style=\"text-align: center;\">Rufen Sie 02 764 2111 an und buchen Sie unsere Services.<\/h2>\n<p>[\/vc_column_text]<div class=\"wpb_content_element ut-gallery-5  clearfix\"><style type=\"text\/css\">#ut_ig_69f2b99929adf .ut-lazy:not(.ut-image-loaded) + .ut-video-module-loading { display:block; }#ut_ig_69f2b99929adf .ut-lazy.ut-image-loaded + .ut-video-module-loading { display:none; }#ut_ig_69f2b99929adf .ut-image-gallery-item-caption-title h3 { font-weight: 500; }#ut_ig_69f2b99929adf .ut-image-gallery-item-caption-title h3 { font-size: 14px; }<\/style><div id=\"ut_ig_69f2b99929adf\" class=\"ut-image-gallery ut-image-gallery-module  ut-image-gallery-5 clearfix\" data-settings=\"{&quot;animate&quot;:true,&quot;effect&quot;:&quot;&quot;,&quot;lazy&quot;:false,&quot;delay_animation&quot;:false,&quot;global_delay_animation&quot;:false,&quot;delay_timer&quot;:100,&quot;global_delay_timer&quot;:100}\" ><div  data-count=\"8\" class=\"ut-image-gallery-item ut-animation-done grid-25 tablet-grid-50 mobile-grid-100\"><a  class=\"ut-vc-images-lightbox ut-vc-images-lightbox-group-image\"  data-exthumbimage=\"https:\/\/motel-majolka.si\/wp-content\/uploads\/2021\/03\/DSC04999-200x200.jpg\" href=\"https:\/\/motel-majolka.si\/wp-content\/uploads\/2021\/03\/DSC04999-480x720.jpg\" ><div class=\"ut-image-gallery-image\" ><img loading=\"lazy\" decoding=\"async\"  class=\"\" src=\"https:\/\/motel-majolka.si\/wp-content\/uploads\/2021\/03\/DSC04999-1000x867-1300x867.jpg\" width=\"1300\" height=\"867\"><div class=\"ut-image-gallery-image-caption\"><div class=\"ut-image-gallery-item-caption-title\"><h3 class=\"ut-image-gallery-empty-title\">+<\/h3><\/div><\/div><\/div><\/a><\/div><div  data-count=\"8\" class=\"ut-image-gallery-item ut-animation-done ut-animation-done grid-25 tablet-grid-50 mobile-grid-100\"><a  class=\"ut-vc-images-lightbox ut-vc-images-lightbox-group-image\"  data-exthumbimage=\"https:\/\/motel-majolka.si\/wp-content\/uploads\/2021\/03\/DSC04992-200x200.jpg\" href=\"https:\/\/motel-majolka.si\/wp-content\/uploads\/2021\/03\/DSC04992-1080x720.jpg\" ><div class=\"ut-image-gallery-image\" ><img loading=\"lazy\" decoding=\"async\"  class=\"\" src=\"https:\/\/motel-majolka.si\/wp-content\/uploads\/2021\/03\/DSC04992-1300x867.jpg\" width=\"1300\" height=\"867\"><div class=\"ut-image-gallery-image-caption\"><div class=\"ut-image-gallery-item-caption-title\"><h3 class=\"ut-image-gallery-empty-title\">+<\/h3><\/div><\/div><\/div><\/a><\/div><div  data-count=\"8\" class=\"ut-image-gallery-item ut-animation-done ut-animation-done ut-animation-done grid-25 tablet-grid-50 mobile-grid-100 ut-tablet-last\"><a  class=\"ut-vc-images-lightbox ut-vc-images-lightbox-group-image\"  data-exthumbimage=\"https:\/\/motel-majolka.si\/wp-content\/uploads\/2021\/03\/DSC04965-200x200.jpg\" href=\"https:\/\/motel-majolka.si\/wp-content\/uploads\/2021\/03\/DSC04965-480x720.jpg\" ><div class=\"ut-image-gallery-image\" ><img loading=\"lazy\" decoding=\"async\"  class=\"\" src=\"https:\/\/motel-majolka.si\/wp-content\/uploads\/2021\/03\/DSC04965-900x867-1300x867.jpg\" width=\"1300\" height=\"867\"><div class=\"ut-image-gallery-image-caption\"><div class=\"ut-image-gallery-item-caption-title\"><h3 class=\"ut-image-gallery-empty-title\">+<\/h3><\/div><\/div><\/div><\/a><\/div><div class=\"clear hide-on-desktop hide-on-tablet\"><\/div><div  data-count=\"4\" class=\"ut-image-gallery-item ut-animation-done ut-animation-done ut-animation-done ut-animation-done grid-25 tablet-grid-50 mobile-grid-100 ut-desktop-last\"><a  class=\"ut-vc-images-lightbox ut-vc-images-lightbox-group-image\"  data-exthumbimage=\"https:\/\/motel-majolka.si\/wp-content\/uploads\/2021\/03\/DSC04959-200x200.jpg\" href=\"https:\/\/motel-majolka.si\/wp-content\/uploads\/2021\/03\/DSC04959-877x720.jpg\" ><div class=\"ut-image-gallery-image\" ><img loading=\"lazy\" decoding=\"async\"  class=\"\" src=\"https:\/\/motel-majolka.si\/wp-content\/uploads\/2021\/03\/DSC04959-1117x867-1300x867.jpg\" width=\"1300\" height=\"867\"><div class=\"ut-image-gallery-image-caption\"><div class=\"ut-image-gallery-item-caption-title\"><h3 class=\"ut-image-gallery-empty-title\">+<\/h3><\/div><\/div><\/div><\/a><\/div><div class=\"clear hide-on-tablet\"><\/div><div  data-count=\"4\" class=\"ut-image-gallery-item ut-animation-done ut-animation-done ut-animation-done ut-animation-done ut-animation-done grid-25 tablet-grid-50 mobile-grid-100\"><a  class=\"ut-vc-images-lightbox ut-vc-images-lightbox-group-image\"  data-exthumbimage=\"https:\/\/motel-majolka.si\/wp-content\/uploads\/2021\/03\/DSC04956-200x200.jpg\" href=\"https:\/\/motel-majolka.si\/wp-content\/uploads\/2021\/03\/DSC04956-1080x720.jpg\" ><div class=\"ut-image-gallery-image\" ><img loading=\"lazy\" decoding=\"async\"  class=\"\" src=\"https:\/\/motel-majolka.si\/wp-content\/uploads\/2021\/03\/DSC04956-1300x867.jpg\" width=\"1300\" height=\"867\"><div class=\"ut-image-gallery-image-caption\"><div class=\"ut-image-gallery-item-caption-title\"><h3 class=\"ut-image-gallery-empty-title\">+<\/h3><\/div><\/div><\/div><\/a><\/div><div  data-count=\"4\" class=\"ut-image-gallery-item ut-animation-done ut-animation-done ut-animation-done ut-animation-done ut-animation-done ut-animation-done grid-25 tablet-grid-50 mobile-grid-100 ut-tablet-last\"><a  class=\"ut-vc-images-lightbox ut-vc-images-lightbox-group-image\"  data-exthumbimage=\"https:\/\/motel-majolka.si\/wp-content\/uploads\/2021\/03\/DSC04952-200x200.jpg\" href=\"https:\/\/motel-majolka.si\/wp-content\/uploads\/2021\/03\/DSC04952-1080x720.jpg\" ><div class=\"ut-image-gallery-image\" ><img loading=\"lazy\" decoding=\"async\"  class=\"\" src=\"https:\/\/motel-majolka.si\/wp-content\/uploads\/2021\/03\/DSC04952-1300x867.jpg\" width=\"1300\" height=\"867\"><div class=\"ut-image-gallery-image-caption\"><div class=\"ut-image-gallery-item-caption-title\"><h3 class=\"ut-image-gallery-empty-title\">+<\/h3><\/div><\/div><\/div><\/a><\/div><div class=\"clear hide-on-desktop hide-on-tablet\"><\/div><div  data-count=\"4\" class=\"ut-image-gallery-item ut-animation-done ut-animation-done ut-animation-done ut-animation-done ut-animation-done ut-animation-done ut-animation-done grid-25 tablet-grid-50 mobile-grid-100\"><a  class=\"ut-vc-images-lightbox ut-vc-images-lightbox-group-image\"  data-exthumbimage=\"https:\/\/motel-majolka.si\/wp-content\/uploads\/2021\/03\/DSC04919-HDR-200x200.jpg\" href=\"https:\/\/motel-majolka.si\/wp-content\/uploads\/2021\/03\/DSC04919-HDR-1080x720.jpg\" ><div class=\"ut-image-gallery-image\" ><img loading=\"lazy\" decoding=\"async\"  class=\"\" src=\"https:\/\/motel-majolka.si\/wp-content\/uploads\/2021\/03\/DSC04919-HDR-1300x867.jpg\" width=\"1300\" height=\"867\"><div class=\"ut-image-gallery-image-caption\"><div class=\"ut-image-gallery-item-caption-title\"><h3 class=\"ut-image-gallery-empty-title\">+<\/h3><\/div><\/div><\/div><\/a><\/div><div  data-count=\"4\" class=\"ut-image-gallery-item ut-animation-done ut-animation-done ut-animation-done ut-animation-done ut-animation-done ut-animation-done ut-animation-done ut-animation-done grid-25 tablet-grid-50 mobile-grid-100\"><a  class=\"ut-vc-images-lightbox ut-vc-images-lightbox-group-image\"  data-exthumbimage=\"https:\/\/motel-majolka.si\/wp-content\/uploads\/2021\/03\/motel-majolka-onas1-200x200.jpg\" href=\"https:\/\/motel-majolka.si\/wp-content\/uploads\/2021\/03\/motel-majolka-onas1-1170x720.jpg\" ><div class=\"ut-image-gallery-image\" ><img loading=\"lazy\" decoding=\"async\"  class=\"\" src=\"https:\/\/motel-majolka.si\/wp-content\/uploads\/2021\/03\/motel-majolka-onas1-1300x867.jpg\" width=\"1300\" height=\"867\"><div class=\"ut-image-gallery-image-caption\"><div class=\"ut-image-gallery-item-caption-title\"><h3 class=\"ut-image-gallery-empty-title\">+<\/h3><\/div><\/div><\/div><\/a><\/div><div class=\"ut-image-gallery-sizer\"><\/div><div class=\"clear\"><\/div><\/div><\/div>[\/vc_column][\/vc_row][\/vc_section]<\/p>\n<\/div>","protected":false},"excerpt":{"rendered":"<p>[vc_section el_name=&#8220;Welcome Section&#8220; el_class=&#8220;o-nas-zacetek&#8220;][vc_row][vc_column][\/vc_column][\/vc_row][vc_row el_class=&#8220;opisi-onas&#8220;][vc_column width=&#8220;1\/3&#8243;][\/vc_column][vc_column width=&#8220;1\/3&#8243;][\/vc_column][vc_column width=&#8220;1\/3&#8243;][\/vc_column][\/vc_row][vc_row][vc_column width=&#8220;1\/3&#8243;][\/vc_column][vc_column width=&#8220;1\/3&#8243;][\/vc_column][vc_column width=&#8220;1\/3&#8243;][\/vc_column][\/vc_row][vc_row el_name=&#8220;Welcome Message&#8220; el_class=&#8220;majolka-padding-section&#8220;][vc_column offset=&#8220;vc_col-lg-offset-3 vc_col-lg-6&#8243;][\/vc_column][\/vc_row][\/vc_section][vc_section el_name=&#8220;Image Section&#8220;][vc_row el_name=&#8220;Images&#8220;][vc_column][vc_column_text] Rufen Sie 02 764 2111 an und buchen Sie unsere Services. [\/vc_column_text][\/vc_column][\/vc_row][\/vc_section]<\/p>\n","protected":false},"author":1,"featured_media":0,"parent":0,"menu_order":0,"comment_status":"closed","ping_status":"closed","template":"","meta":{"_acf_changed":false,"_seopress_robots_primary_cat":"","_seopress_titles_title":"","_seopress_titles_desc":"","_seopress_robots_index":"","_monsterinsights_skip_tracking":false,"_monsterinsights_sitenote_active":false,"_monsterinsights_sitenote_note":"","_monsterinsights_sitenote_category":0,"footnotes":""},"class_list":["post-1270","page","type-page","status-publish","hentry"],"acf":[],"_links":{"self":[{"href":"https:\/\/motel-majolka.si\/de\/wp-json\/wp\/v2\/pages\/1270","targetHints":{"allow":["GET"]}}],"collection":[{"href":"https:\/\/motel-majolka.si\/de\/wp-json\/wp\/v2\/pages"}],"about":[{"href":"https:\/\/motel-majolka.si\/de\/wp-json\/wp\/v2\/types\/page"}],"author":[{"embeddable":true,"href":"https:\/\/motel-majolka.si\/de\/wp-json\/wp\/v2\/users\/1"}],"replies":[{"embeddable":true,"href":"https:\/\/motel-majolka.si\/de\/wp-json\/wp\/v2\/comments?post=1270"}],"version-history":[{"count":8,"href":"https:\/\/motel-majolka.si\/de\/wp-json\/wp\/v2\/pages\/1270\/revisions"}],"predecessor-version":[{"id":2923,"href":"https:\/\/motel-majolka.si\/de\/wp-json\/wp\/v2\/pages\/1270\/revisions\/2923"}],"wp:attachment":[{"href":"https:\/\/motel-majolka.si\/de\/wp-json\/wp\/v2\/media?parent=1270"}],"curies":[{"name":"wp","href":"https:\/\/api.w.org\/{rel}","templated":true}]}}