{"id":1263,"date":"2021-03-23T07:58:00","date_gmt":"2021-03-23T06:58:00","guid":{"rendered":"http:\/\/motel-majolka.si\/?page_id=1263"},"modified":"2025-09-16T07:33:12","modified_gmt":"2025-09-16T05:33:12","slug":"zimmerunterkunft","status":"publish","type":"page","link":"https:\/\/motel-majolka.si\/de\/zimmerunterkunft\/","title":{"rendered":"Zimmerunterkunft"},"content":{"rendered":"<div class=\"wpb-content-wrapper\"><p>[vc_section][vc_row el_name=&#8220;Call for Reservations&#8220; css=&#8220;.vc_custom_1614172304696{padding-top: 40px !important;padding-bottom: 40px !important;background-color: #353234 !important;}&#8220;][vc_column el_class=&#8220;rezervacije-wrapper&#8220;]<style type=\"text\/css\">#ut_custom_heading69ff30a567289 { color:#ccad8f; }#ut_custom_heading69ff30a567289{ font-size: 34px }#ut_custom_heading69ff30a567289{ letter-spacing: 0.02em }#ut_custom_heading69ff30a567289 { text-align:center; }@media (min-width: 768px) and (max-width: 1024px) { #ut_custom_heading69ff30a567289 { text-align:center; } }@media (max-width: 767px) { #ut_custom_heading69ff30a567289 { text-align:center; } }<\/style><h3 id=\"ut_custom_heading69ff30a567289\" data-responsive-font=\"h3\" data-responsive-font-settings=\"{&quot;base-font-size&quot;:&quot;34&quot;,&quot;base-letter-spacing&quot;:&quot;0.02&quot;}\" class=\"ut-custom-heading-module   vc_custom_1616482779907\" ><span class=\"\" >Reservierungen und Bestellungen <a class=\"rezervacija-tel\" href=\"callto:0038627642111\">02 764 2111<\/a><\/span><\/h3><div  class=\"wpb_content_element   clearfix\"><style type=\"text\/css\">#ut_am_69ff30a56a2cc { opacity: 1; }#ut_am_wrap_69ff30a56a2cd .ut-image-gallery-item-caption-title h3 { letter-spacing: 0em; }#ut_am_wrap_69ff30a56a2cd .ut-gallery-slider-caption { font-weight: bold; }#ut_am_wrap_69ff30a56a2cd { text-align: left; }@media (min-width: 768px) and (max-width: 1024px) { #ut_am_wrap_69ff30a56a2cd { text-align: left !important; } }@media (max-width: 767px) { #ut_am_wrap_69ff30a56a2cd { text-align: center !important; } }<\/style><div id=\"ut_am_wrap_69ff30a56a2cd\" class=\"ut-image-gallery-image bg-icons bg-icon-rezervacije\"><div id=\"ut_reveal_69ff30a56a2d8\"  data-appear-top-offset=\"auto\" class=\"ut-animated-image-item ut-image-gallery-item ut-animation-done \"><a class=\"ut-deactivated-link\" href=\"#\"><div class=\"ut-animated-image-zoom\"><img loading=\"lazy\" decoding=\"async\" class=\"ut-lazy skip-lazy ut-animated-image \"  id=\"ut_am_69ff30a56a2cc\" src=\"data:image\/svg+xml;charset=utf-8,%3Csvg xmlns%3D'http%3A%2F%2Fwww.w3.org%2F2000%2Fsvg' viewBox%3D'0 0 2400 260'%2F%3E\" data-src=\"https:\/\/motel-majolka.si\/wp-content\/uploads\/2021\/02\/ikona-pasek-rezervacije.png\" width=\"2400\" height=\"260\" alt=\"\"\/><\/div><\/a><\/div><\/div><\/div>[\/vc_column][\/vc_row][\/vc_section][vc_section el_name=&#8220;Menu Welcome Section&#8220;][vc_row el_name=&#8220;Menu Message&#8220; el_class=&#8220;majolka-padding-section&#8220;][vc_column offset=&#8220;vc_col-lg-offset-3 vc_col-lg-6&#8243;]<div class=\"wpb_content_element \"><style type=\"text\/css\"><\/style><header id=\"ut_header_69ff30a56a6e5\" class=\"section-header  ut-no-title-linebreak-mobile ut-no-lead-linebreak-mobile pt-style-7 header-center header-tablet-center header-mobile-center\"><h2 data-title=\"Der beste Service\"  data-responsive-font=\"section_title\" class=\"section-title  \"><span>Der beste Service<\/span><\/h2><div data-delay=\"0\" class=\"lead \"><p>Danke f\u00fcr die Antwort. Wir sind ein Unternehmen mit einer langen Tradition seit 1987. Unser Angebot umfasst Catering, Unterkunft, Transport und ein Reiseb\u00fcro.<\/p>\n<\/div><\/header><\/div>[\/vc_column][\/vc_row][vc_row el_class=&#8220;nastanitev-icons&#8220;][vc_column width=&#8220;1\/6&#8243;]<div  class=\"wpb_content_element   clearfix\"><style type=\"text\/css\">#ut_am_69ff30a56bd04 { opacity: 1; }#ut_am_wrap_69ff30a56bd05 .ut-image-gallery-item-caption-title h3 { letter-spacing: 0em; }#ut_am_wrap_69ff30a56bd05 .ut-gallery-slider-caption { font-weight: bold; }#ut_am_wrap_69ff30a56bd05 { text-align: left; }@media (min-width: 768px) and (max-width: 1024px) { #ut_am_wrap_69ff30a56bd05 { text-align: left !important; } }@media (max-width: 767px) { #ut_am_wrap_69ff30a56bd05 { text-align: center !important; } }<\/style><div id=\"ut_am_wrap_69ff30a56bd05\" class=\"ut-image-gallery-image \"><div id=\"ut_reveal_69ff30a56bd06\"  data-appear-top-offset=\"auto\" class=\"ut-animated-image-item ut-image-gallery-item ut-animation-done \"><a class=\"ut-deactivated-link\" href=\"#\"><div class=\"ut-animated-image-zoom\"><img loading=\"lazy\" decoding=\"async\" class=\"ut-lazy skip-lazy ut-animated-image \"  id=\"ut_am_69ff30a56bd04\" src=\"data:image\/svg+xml;charset=utf-8,%3Csvg xmlns%3D'http%3A%2F%2Fwww.w3.org%2F2000%2Fsvg' viewBox%3D'0 0 130 130'%2F%3E\" data-src=\"https:\/\/motel-majolka.si\/wp-content\/uploads\/2021\/02\/ikona-kava-130x130.png\" width=\"130\" height=\"130\" alt=\"\"\/><\/div><\/a><\/div><\/div><\/div>[\/vc_column][vc_column width=&#8220;1\/6&#8243;]<div  class=\"wpb_content_element   clearfix\"><style type=\"text\/css\">#ut_am_69ff30a56c6f4 { opacity: 1; }#ut_am_wrap_69ff30a56c6f5 .ut-image-gallery-item-caption-title h3 { letter-spacing: 0em; }#ut_am_wrap_69ff30a56c6f5 .ut-gallery-slider-caption { font-weight: bold; }#ut_am_wrap_69ff30a56c6f5 { text-align: left; }@media (min-width: 768px) and (max-width: 1024px) { #ut_am_wrap_69ff30a56c6f5 { text-align: left !important; } }@media (max-width: 767px) { #ut_am_wrap_69ff30a56c6f5 { text-align: center !important; } }<\/style><div id=\"ut_am_wrap_69ff30a56c6f5\" class=\"ut-image-gallery-image \"><div id=\"ut_reveal_69ff30a56c6f6\"  data-appear-top-offset=\"auto\" class=\"ut-animated-image-item ut-image-gallery-item ut-animation-done \"><a class=\"ut-deactivated-link\" href=\"#\"><div class=\"ut-animated-image-zoom\"><img loading=\"lazy\" decoding=\"async\" class=\"ut-lazy skip-lazy ut-animated-image \"  id=\"ut_am_69ff30a56c6f4\" src=\"data:image\/svg+xml;charset=utf-8,%3Csvg xmlns%3D'http%3A%2F%2Fwww.w3.org%2F2000%2Fsvg' viewBox%3D'0 0 130 130'%2F%3E\" data-src=\"https:\/\/motel-majolka.si\/wp-content\/uploads\/2021\/02\/ikona-koktajl-130x130.png\" width=\"130\" height=\"130\" alt=\"\"\/><\/div><\/a><\/div><\/div><\/div>[\/vc_column][vc_column width=&#8220;1\/6&#8243;]<div  class=\"wpb_content_element   clearfix\"><style type=\"text\/css\">#ut_am_69ff30a56d39d { opacity: 1; }#ut_am_wrap_69ff30a56d39e .ut-image-gallery-item-caption-title h3 { letter-spacing: 0em; }#ut_am_wrap_69ff30a56d39e .ut-gallery-slider-caption { font-weight: bold; }#ut_am_wrap_69ff30a56d39e { text-align: left; }@media (min-width: 768px) and (max-width: 1024px) { #ut_am_wrap_69ff30a56d39e { text-align: left !important; } }@media (max-width: 767px) { #ut_am_wrap_69ff30a56d39e { text-align: center !important; } }<\/style><div id=\"ut_am_wrap_69ff30a56d39e\" class=\"ut-image-gallery-image \"><div id=\"ut_reveal_69ff30a56d39f\"  data-appear-top-offset=\"auto\" class=\"ut-animated-image-item ut-image-gallery-item ut-animation-done \"><a class=\"ut-deactivated-link\" href=\"#\"><div class=\"ut-animated-image-zoom\"><img loading=\"lazy\" decoding=\"async\" class=\"ut-lazy skip-lazy ut-animated-image \"  id=\"ut_am_69ff30a56d39d\" src=\"data:image\/svg+xml;charset=utf-8,%3Csvg xmlns%3D'http%3A%2F%2Fwww.w3.org%2F2000%2Fsvg' viewBox%3D'0 0 130 130'%2F%3E\" data-src=\"https:\/\/motel-majolka.si\/wp-content\/uploads\/2021\/02\/ikona-pizza-130x130.png\" width=\"130\" height=\"130\" alt=\"\"\/><\/div><\/a><\/div><\/div><\/div>[\/vc_column][vc_column width=&#8220;1\/6&#8243;]<div  class=\"wpb_content_element   clearfix\"><style type=\"text\/css\">#ut_am_69ff30a56ddc2 { opacity: 1; }#ut_am_wrap_69ff30a56ddc3 .ut-image-gallery-item-caption-title h3 { letter-spacing: 0em; }#ut_am_wrap_69ff30a56ddc3 .ut-gallery-slider-caption { font-weight: bold; }#ut_am_wrap_69ff30a56ddc3 { text-align: left; }@media (min-width: 768px) and (max-width: 1024px) { #ut_am_wrap_69ff30a56ddc3 { text-align: left !important; } }@media (max-width: 767px) { #ut_am_wrap_69ff30a56ddc3 { text-align: center !important; } }<\/style><div id=\"ut_am_wrap_69ff30a56ddc3\" class=\"ut-image-gallery-image \"><div id=\"ut_reveal_69ff30a56ddc4\"  data-appear-top-offset=\"auto\" class=\"ut-animated-image-item ut-image-gallery-item ut-animation-done \"><a class=\"ut-deactivated-link\" href=\"#\"><div class=\"ut-animated-image-zoom\"><img loading=\"lazy\" decoding=\"async\" class=\"ut-lazy skip-lazy ut-animated-image \"  id=\"ut_am_69ff30a56ddc2\" src=\"data:image\/svg+xml;charset=utf-8,%3Csvg xmlns%3D'http%3A%2F%2Fwww.w3.org%2F2000%2Fsvg' viewBox%3D'0 0 130 130'%2F%3E\" data-src=\"https:\/\/motel-majolka.si\/wp-content\/uploads\/2021\/02\/ikona-sobe-130x130.png\" width=\"130\" height=\"130\" alt=\"\"\/><\/div><\/a><\/div><\/div><\/div>[\/vc_column][vc_column width=&#8220;1\/6&#8243;]<div  class=\"wpb_content_element   clearfix\"><style type=\"text\/css\">#ut_am_69ff30a56e7a1 { opacity: 1; }#ut_am_wrap_69ff30a56e7a2 .ut-image-gallery-item-caption-title h3 { letter-spacing: 0em; }#ut_am_wrap_69ff30a56e7a2 .ut-gallery-slider-caption { font-weight: bold; }#ut_am_wrap_69ff30a56e7a2 { text-align: left; }@media (min-width: 768px) and (max-width: 1024px) { #ut_am_wrap_69ff30a56e7a2 { text-align: left !important; } }@media (max-width: 767px) { #ut_am_wrap_69ff30a56e7a2 { text-align: center !important; } }<\/style><div id=\"ut_am_wrap_69ff30a56e7a2\" class=\"ut-image-gallery-image \"><div id=\"ut_reveal_69ff30a56e7a3\"  data-appear-top-offset=\"auto\" class=\"ut-animated-image-item ut-image-gallery-item ut-animation-done \"><a class=\"ut-deactivated-link\" href=\"#\"><div class=\"ut-animated-image-zoom\"><img loading=\"lazy\" decoding=\"async\" class=\"ut-lazy skip-lazy ut-animated-image \"  id=\"ut_am_69ff30a56e7a1\" src=\"data:image\/svg+xml;charset=utf-8,%3Csvg xmlns%3D'http%3A%2F%2Fwww.w3.org%2F2000%2Fsvg' viewBox%3D'0 0 130 130'%2F%3E\" data-src=\"https:\/\/motel-majolka.si\/wp-content\/uploads\/2021\/02\/ikona-krozniki-130x130.png\" width=\"130\" height=\"130\" alt=\"\"\/><\/div><\/a><\/div><\/div><\/div>[\/vc_column][vc_column width=&#8220;1\/6&#8243;]<div  class=\"wpb_content_element   clearfix\"><style type=\"text\/css\">#ut_am_69ff30a56f35f { opacity: 1; }#ut_am_wrap_69ff30a56f360 .ut-image-gallery-item-caption-title h3 { letter-spacing: 0em; }#ut_am_wrap_69ff30a56f360 .ut-gallery-slider-caption { font-weight: bold; }#ut_am_wrap_69ff30a56f360 { text-align: left; }@media (min-width: 768px) and (max-width: 1024px) { #ut_am_wrap_69ff30a56f360 { text-align: left !important; } }@media (max-width: 767px) { #ut_am_wrap_69ff30a56f360 { text-align: center !important; } }<\/style><div id=\"ut_am_wrap_69ff30a56f360\" class=\"ut-image-gallery-image \"><div id=\"ut_reveal_69ff30a56f361\"  data-appear-top-offset=\"auto\" class=\"ut-animated-image-item ut-image-gallery-item ut-animation-done \"><a class=\"ut-deactivated-link\" href=\"#\"><div class=\"ut-animated-image-zoom\"><img loading=\"lazy\" decoding=\"async\" class=\"ut-lazy skip-lazy ut-animated-image \"  id=\"ut_am_69ff30a56f35f\" src=\"data:image\/svg+xml;charset=utf-8,%3Csvg xmlns%3D'http%3A%2F%2Fwww.w3.org%2F2000%2Fsvg' viewBox%3D'0 0 130 130'%2F%3E\" data-src=\"https:\/\/motel-majolka.si\/wp-content\/uploads\/2021\/02\/ikona-wifi-130x130.png\" width=\"130\" height=\"130\" alt=\"\"\/><\/div><\/a><\/div><\/div><\/div>[\/vc_column][\/vc_row][\/vc_section][vc_section][vc_row][vc_column width=&#8220;1\/6&#8243;][\/vc_column][vc_column width=&#8220;2\/3&#8243;][vc_row_inner][vc_column_inner width=&#8220;1\/2&#8243;]<div  class=\"wpb_content_element   clearfix\"><style type=\"text\/css\">#ut_am_69ff30a56f7e3 { opacity: 1; }#ut_am_wrap_69ff30a56f7e4 .ut-image-gallery-item-caption-title h3 { letter-spacing: 0em; }#ut_am_wrap_69ff30a56f7e4 .ut-gallery-slider-caption { font-weight: bold; }#ut_am_wrap_69ff30a56f7e4 { text-align: center; }@media (min-width: 768px) and (max-width: 1024px) { #ut_am_wrap_69ff30a56f7e4 { text-align: center !important; } }@media (max-width: 767px) { #ut_am_wrap_69ff30a56f7e4 { text-align: center !important; } }<\/style><div id=\"ut_am_wrap_69ff30a56f7e4\" class=\"ut-image-gallery-image \"><div id=\"ut_reveal_69ff30a56f7e5\"  data-appear-top-offset=\"auto\" class=\"ut-animated-image-item ut-image-gallery-item ut-animation-done \"><a class=\"ut-deactivated-link\" href=\"#\"><div class=\"ut-animated-image-zoom\"><img loading=\"lazy\" decoding=\"async\" class=\"ut-lazy skip-lazy ut-animated-image \"  id=\"ut_am_69ff30a56f7e3\" src=\"data:image\/svg+xml;charset=utf-8,%3Csvg xmlns%3D'http%3A%2F%2Fwww.w3.org%2F2000%2Fsvg' viewBox%3D'0 0 460 460'%2F%3E\" data-src=\"https:\/\/motel-majolka.si\/wp-content\/uploads\/2021\/02\/urejanje-sobe.jpg\" width=\"460\" height=\"460\" alt=\"\"\/><\/div><\/a><\/div><\/div><\/div>[\/vc_column_inner][vc_column_inner el_class=&#8220;majolka-center-class&#8220; width=&#8220;1\/2&#8243;]<div class=\"wpb_content_element \"><style type=\"text\/css\">#ut_header_69ff30a56fb02 h3.section-title{ font-size: 30px }#ut_header_69ff30a56fb02 h3.section-title{ letter-spacing: 0.02em }<\/style><header id=\"ut_header_69ff30a56fb02\" class=\"section-header  ut-no-title-linebreak-mobile ut-no-lead-linebreak-mobile pt-style-7 header-left header-tablet-left header-mobile-center\"><h3 data-title=\"Zimmerreservierung\"  data-responsive-font=\"section_title\" data-responsive-font-settings=\"{&quot;base-font-size&quot;:&quot;30&quot;,&quot;base-letter-spacing&quot;:&quot;0.02&quot;}\" class=\"section-title  \"><span>Zimmerreservierung<\/span><\/h3><\/header><\/div>[vc_column_text]Im Motel Majolka bieten wir \u00dcbernachtungen in Ein-, Zwei-, Drei-, Vier- und F\u00fcnfbettzimmern f\u00fcr insgesamt 48 G\u00e4ste an. Jedes Zimmer verf\u00fcgt \u00fcber TV, Telefon und WLAN.[\/vc_column_text][\/vc_column_inner][\/vc_row_inner][\/vc_column][vc_column width=&#8220;1\/6&#8243;][\/vc_column][\/vc_row][\/vc_section][vc_section][vc_row][vc_column][vc_row_inner][vc_column_inner width=&#8220;1\/3&#8243;]<div class=\"wpb_content_element \"><style type=\"text\/css\">#ut_header_69ff30a57028d h4.section-title { font-size:30px !important;letter-spacing:0.02em; }@media (min-width: 1025px) and (max-width: 1679px) {#ut_header_69ff30a57028d h4.section-title { letter-spacing:0.02em; }}@media (min-width: 768px) and (max-width: 1024px) {#ut_header_69ff30a57028d h4.section-title { letter-spacing:0.02em; }}@media (max-width: 767px) {#ut_header_69ff30a57028d h4.section-title { letter-spacing:0.02em; }}<\/style><header id=\"ut_header_69ff30a57028d\" class=\"section-header  ut-no-title-linebreak-mobile ut-no-lead-linebreak-mobile pt-style-7 header-center header-tablet-center header-mobile-center\"><h4 data-title=\"Preisliste f\u00fcr Unterkunft\"  data-responsive-font=\"section_title\" data-responsive-font-settings=\"{&quot;base-font-size&quot;:&quot;30&quot;,&quot;font-size-unit&quot;:&quot;px&quot;,&quot;font-size&quot;:{&quot;desktop_large&quot;:&quot;30&quot;},&quot;base-line-height&quot;:&quot;global&quot;,&quot;base-letter-spacing&quot;:&quot;0.02&quot;,&quot;letter-spacing&quot;:{&quot;desktop_large&quot;:&quot;0.02&quot;}}\" class=\"section-title  \"><span>Preisliste f\u00fcr Unterkunft<\/span><\/h4><\/header><\/div>[vc_column_text]<\/p>\n<p style=\"text-align: center;\">Platz f\u00fcr eine (1) Person = 40 \u20ac<br \/>\nPlatz f\u00fcr zwei (2) Personen = 70 \u20ac<br \/>\nPlatz f\u00fcr drei (3) Personen = 90 \u20ac<br \/>\nPlatz f\u00fcr vier (4) Personen = 110 \u20ac<br \/>\nPlatz f\u00fcr f\u00fcnf (5) Personen = 130 \u20ac<br \/>\nPlatz f\u00fcr sechs (6) Personen = 150 \u20ac<\/p>\n<p>[\/vc_column_text][\/vc_column_inner][vc_column_inner width=&#8220;1\/3&#8243;]<div class=\"wpb_content_element \"><style type=\"text\/css\">#ut_header_69ff30a570a4e h4.section-title { font-size:30px !important;letter-spacing:0.02em; }@media (min-width: 1025px) and (max-width: 1679px) {#ut_header_69ff30a570a4e h4.section-title { letter-spacing:0.02em; }}@media (min-width: 768px) and (max-width: 1024px) {#ut_header_69ff30a570a4e h4.section-title { letter-spacing:0.02em; }}@media (max-width: 767px) {#ut_header_69ff30a570a4e h4.section-title { letter-spacing:0.02em; }}<\/style><header id=\"ut_header_69ff30a570a4e\" class=\"section-header  ut-no-title-linebreak-mobile ut-no-lead-linebreak-mobile pt-style-7 header-center header-tablet-center header-mobile-center\"><h4 data-title=\"Zuschl\u00e4ge\"  data-responsive-font=\"section_title\" data-responsive-font-settings=\"{&quot;base-font-size&quot;:&quot;30&quot;,&quot;font-size-unit&quot;:&quot;px&quot;,&quot;font-size&quot;:{&quot;desktop_large&quot;:&quot;30&quot;},&quot;base-line-height&quot;:&quot;global&quot;,&quot;base-letter-spacing&quot;:&quot;0.02&quot;,&quot;letter-spacing&quot;:{&quot;desktop_large&quot;:&quot;0.02&quot;}}\" class=\"section-title  \"><span>Zuschl\u00e4ge<\/span><\/h4><\/header><\/div>[vc_column_text]<\/p>\n<p style=\"text-align: center;\">Fr\u00fchst\u00fcck &#8211; 10 \u20ac<br \/>\nAbendessen &#8211; 15 \u20ac<br \/>\nKurtaxe 1 \u20ac<br \/>\nKurtaxe f\u00fcr Kinder von 7 bis 18 Jahren 0,50 \u20ac<br \/>\nTouristensteuer Kinder 0-7 Jahre KOSTENLOS<\/p>\n<p>[\/vc_column_text][\/vc_column_inner][vc_column_inner width=&#8220;1\/3&#8243;]<div class=\"wpb_content_element \"><style type=\"text\/css\">#ut_header_69ff30a5711f1 h4.section-title { font-size:30px !important;letter-spacing:0.02em; }@media (min-width: 1025px) and (max-width: 1679px) {#ut_header_69ff30a5711f1 h4.section-title { letter-spacing:0.02em; }}@media (min-width: 768px) and (max-width: 1024px) {#ut_header_69ff30a5711f1 h4.section-title { letter-spacing:0.02em; }}@media (max-width: 767px) {#ut_header_69ff30a5711f1 h4.section-title { letter-spacing:0.02em; }}<\/style><header id=\"ut_header_69ff30a5711f1\" class=\"section-header  ut-no-title-linebreak-mobile ut-no-lead-linebreak-mobile pt-style-7 header-center header-tablet-center header-mobile-center\"><h4 data-title=\"Zus\u00e4tzliche Rabatte\"  data-responsive-font=\"section_title\" data-responsive-font-settings=\"{&quot;base-font-size&quot;:&quot;30&quot;,&quot;font-size-unit&quot;:&quot;px&quot;,&quot;font-size&quot;:{&quot;desktop_large&quot;:&quot;30&quot;},&quot;base-line-height&quot;:&quot;global&quot;,&quot;base-letter-spacing&quot;:&quot;0.02&quot;,&quot;letter-spacing&quot;:{&quot;desktop_large&quot;:&quot;0.02&quot;}}\" class=\"section-title  \"><span>Zus\u00e4tzliche Rabatte<\/span><\/h4><\/header><\/div>[vc_column_text]<\/p>\n<p style=\"text-align: center;\">Wir bieten einen zus\u00e4tzlichen Rabatt auf bestehende Preise:<\/p>\n<p style=\"text-align: center;\">Unterkunft 3-5 Tage &#8211; 5% Rabatt<br \/>\nUnterkunft \u00fcber 7 Tage &#8211; 10% Rabatt<br \/>\nein Kind bis 7 Jahre gratis<\/p>\n<p style=\"text-align: center;\">Alle Preise verstehen sich inklusive 9,5% MwSt.<\/p>\n<p>[\/vc_column_text][\/vc_column_inner][\/vc_row_inner][\/vc_column][\/vc_row][vc_row][vc_column]<div class=\"wpb_content_element \"><style type=\"text\/css\"><\/style><header id=\"ut_header_69ff30a571af2\" class=\"section-header  ut-no-title-linebreak-mobile ut-no-lead-linebreak-mobile pt-style-7 header-center header-tablet-center header-mobile-center\"><h2 data-title=\"Zimmerreservierung\"  data-responsive-font=\"section_title\" class=\"section-title  \"><span>Zimmerreservierung<\/span><\/h2><div data-delay=\"0\" class=\"lead \"><p>Da wir wollten, dass unsere Besucher uns vertrauen, haben wir die Reservierung der Unterkunft \u00fcber die AirBnB-Website arrangiert. Klicken Sie auf das Bild unten, um zu AirBnB weiterzuleiten.<\/p>\n<\/div><\/header><\/div>[vc_row_inner][vc_column_inner width=&#8220;1\/2&#8243;][vc_raw_html]JTNDYSUyMGhyZWYlM0QlMjJodHRwcyUzQSUyRiUyRnd3dy5ib29raW5nLmNvbSUyRmhvdGVsJTJGc2klMkZnb3N0aXNjZS1tYWpvbGthLnNsLmh0bWwlMjIlMjB0YXJnZXQlM0QlMjJfYmxhbmslMjIlM0UlM0NpbWclMjBzcmMlM0QlMjJodHRwcyUzQSUyRiUyRm1vdGVsLW1ham9sa2Euc2klMkZ3cC1jb250ZW50JTJGdXBsb2FkcyUyRjIwMjQlMkYwNSUyRmxvZ28tYm9va2luZy5wbmclMjIlMjAlMkYlM0UlM0MlMkZhJTNF[\/vc_raw_html][\/vc_column_inner][vc_column_inner width=&#8220;1\/2&#8243;][vc_raw_html]JTNDYSUyMGhyZWYlM0QlMjJodHRwcyUzQSUyRiUyRnd3dy5haXJibmIuc2klMkZyb29tcyUyRjQzMzgxMjI5JTNGc291cmNlX2ltcHJlc3Npb25faWQlM0RwM18xNjE2MTYxODcyX0FURzZZeVdJTnh6Y1pqNGolMjZndWVzdHMlM0QxJTI2YWR1bHRzJTNEMSUyMiUyMHRhcmdldCUzRCUyMl9ibGFuayUyMiUzRSUzQ2ltZyUyMHNyYyUzRCUyMmh0dHBzJTNBJTJGJTJGbW90ZWwtbWFqb2xrYS5zaSUyRndwLWNvbnRlbnQlMkZ1cGxvYWRzJTJGMjAyMiUyRjAyJTJGQWlyYm5iX2xvZ28yYS5qcGclMjIlMjAlMkYlM0UlM0MlMkZhJTNF[\/vc_raw_html][\/vc_column_inner][\/vc_row_inner][\/vc_column][\/vc_row][vc_row][vc_column width=&#8220;1\/6&#8243;][\/vc_column][vc_column width=&#8220;2\/3&#8243;][vc_row_inner][vc_column_inner el_class=&#8220;majolka-center-class&#8220; width=&#8220;1\/2&#8243;]<div  class=\"wpb_content_element   clearfix\"><style type=\"text\/css\">#ut_am_69ff30a5727fc { opacity: 1; }#ut_am_wrap_69ff30a5727fd .ut-image-gallery-item-caption-title h3 { letter-spacing: 0em; }#ut_am_wrap_69ff30a5727fd .ut-gallery-slider-caption { font-weight: bold; }#ut_am_wrap_69ff30a5727fd { text-align: center; }@media (min-width: 768px) and (max-width: 1024px) { #ut_am_wrap_69ff30a5727fd { text-align: center !important; } }@media (max-width: 767px) { #ut_am_wrap_69ff30a5727fd { text-align: center !important; } }<\/style><div id=\"ut_am_wrap_69ff30a5727fd\" class=\"ut-image-gallery-image \"><div id=\"ut_reveal_69ff30a5727fe\"  data-appear-top-offset=\"auto\" class=\"ut-animated-image-item ut-image-gallery-item ut-animation-done \"><a class=\"ut-deactivated-link\" href=\"#\"><div class=\"ut-animated-image-zoom\"><img loading=\"lazy\" decoding=\"async\" class=\"ut-lazy skip-lazy ut-animated-image \"  id=\"ut_am_69ff30a5727fc\" src=\"data:image\/svg+xml;charset=utf-8,%3Csvg xmlns%3D'http%3A%2F%2Fwww.w3.org%2F2000%2Fsvg' viewBox%3D'0 0 460 460'%2F%3E\" data-src=\"https:\/\/motel-majolka.si\/wp-content\/uploads\/2021\/03\/nastanitev-slika-restavracija.jpg\" width=\"460\" height=\"460\" alt=\"\"\/><\/div><\/a><\/div><\/div><\/div>[\/vc_column_inner][vc_column_inner width=&#8220;1\/2&#8243;]<div class=\"wpb_content_element \"><style type=\"text\/css\">#ut_header_69ff30a572b00 h3.section-title { font-size:30px !important;letter-spacing:0.02em; }@media (min-width: 1025px) and (max-width: 1679px) {#ut_header_69ff30a572b00 h3.section-title { letter-spacing:0.02em; }}@media (min-width: 768px) and (max-width: 1024px) {#ut_header_69ff30a572b00 h3.section-title { letter-spacing:0.02em; }}@media (max-width: 767px) {#ut_header_69ff30a572b00 h3.section-title { letter-spacing:0.02em; }}<\/style><header id=\"ut_header_69ff30a572b00\" class=\"section-header  ut-no-title-linebreak-mobile ut-no-lead-linebreak-mobile pt-style-7 header-left header-tablet-left header-mobile-center\"><h3 data-title=\"Restaurant\"  data-responsive-font=\"section_title\" data-responsive-font-settings=\"{&quot;base-font-size&quot;:&quot;30&quot;,&quot;font-size-unit&quot;:&quot;px&quot;,&quot;font-size&quot;:{&quot;desktop_large&quot;:&quot;30&quot;},&quot;base-line-height&quot;:&quot;global&quot;,&quot;base-letter-spacing&quot;:&quot;0.02&quot;,&quot;letter-spacing&quot;:{&quot;desktop_large&quot;:&quot;0.02&quot;}}\" class=\"section-title  \"><span>Restaurant<\/span><\/h3><\/header><\/div>[vc_column_text]<\/p>\n<p style=\"text-align: left;\">Bei uns findet jeder etwas f\u00fcr sich. Unsere Mitarbeiter bieten erstklassiges Essen und guten Service. Unser Essensangebot ist sehr vielf\u00e4ltig und reichhaltig.<\/p>\n<p style=\"text-align: left;\">Da wir uns um unsere G\u00e4ste k\u00fcmmern, richten wir uns auch an diejenigen, die vegan essen.<\/p>\n<p style=\"text-align: left;\">Alle veganen Gerichte werden in einem separaten Teil der K\u00fcche zubereitet. Au\u00dferdem bieten wir glutenfreies und vegetarisches Essen an.<\/p>\n<p>[\/vc_column_text][\/vc_column_inner][\/vc_row_inner][\/vc_column][vc_column width=&#8220;1\/6&#8243;][\/vc_column][\/vc_row][\/vc_section]<\/p>\n<\/div>","protected":false},"excerpt":{"rendered":"<p>[vc_section][vc_row el_name=&#8220;Call for Reservations&#8220; css=&#8220;.vc_custom_1614172304696{padding-top: 40px !important;padding-bottom: 40px !important;background-color: #353234 !important;}&#8220;][vc_column el_class=&#8220;rezervacije-wrapper&#8220;][\/vc_column][\/vc_row][\/vc_section][vc_section el_name=&#8220;Menu Welcome Section&#8220;][vc_row el_name=&#8220;Menu Message&#8220; el_class=&#8220;majolka-padding-section&#8220;][vc_column offset=&#8220;vc_col-lg-offset-3 vc_col-lg-6&#8243;][\/vc_column][\/vc_row][vc_row el_class=&#8220;nastanitev-icons&#8220;][vc_column width=&#8220;1\/6&#8243;][\/vc_column][vc_column width=&#8220;1\/6&#8243;][\/vc_column][vc_column width=&#8220;1\/6&#8243;][\/vc_column][vc_column width=&#8220;1\/6&#8243;][\/vc_column][vc_column width=&#8220;1\/6&#8243;][\/vc_column][vc_column width=&#8220;1\/6&#8243;][\/vc_column][\/vc_row][\/vc_section][vc_section][vc_row][vc_column width=&#8220;1\/6&#8243;][\/vc_column][vc_column width=&#8220;2\/3&#8243;][vc_row_inner][vc_column_inner width=&#8220;1\/2&#8243;][\/vc_column_inner][vc_column_inner el_class=&#8220;majolka-center-class&#8220; width=&#8220;1\/2&#8243;][vc_column_text]Im Motel Majolka bieten wir \u00dcbernachtungen in Ein-, Zwei-, Drei-, Vier- und F\u00fcnfbettzimmern f\u00fcr insgesamt 48 G\u00e4ste an. Jedes Zimmer verf\u00fcgt \u00fcber TV, Telefon [&hellip;]<\/p>\n","protected":false},"author":1,"featured_media":0,"parent":0,"menu_order":0,"comment_status":"closed","ping_status":"closed","template":"","meta":{"_acf_changed":false,"_seopress_robots_primary_cat":"","_seopress_titles_title":"","_seopress_titles_desc":"","_seopress_robots_index":"","_monsterinsights_skip_tracking":false,"_monsterinsights_sitenote_active":false,"_monsterinsights_sitenote_note":"","_monsterinsights_sitenote_category":0,"footnotes":""},"class_list":["post-1263","page","type-page","status-publish","hentry"],"acf":[],"_links":{"self":[{"href":"https:\/\/motel-majolka.si\/de\/wp-json\/wp\/v2\/pages\/1263","targetHints":{"allow":["GET"]}}],"collection":[{"href":"https:\/\/motel-majolka.si\/de\/wp-json\/wp\/v2\/pages"}],"about":[{"href":"https:\/\/motel-majolka.si\/de\/wp-json\/wp\/v2\/types\/page"}],"author":[{"embeddable":true,"href":"https:\/\/motel-majolka.si\/de\/wp-json\/wp\/v2\/users\/1"}],"replies":[{"embeddable":true,"href":"https:\/\/motel-majolka.si\/de\/wp-json\/wp\/v2\/comments?post=1263"}],"version-history":[{"count":10,"href":"https:\/\/motel-majolka.si\/de\/wp-json\/wp\/v2\/pages\/1263\/revisions"}],"predecessor-version":[{"id":3037,"href":"https:\/\/motel-majolka.si\/de\/wp-json\/wp\/v2\/pages\/1263\/revisions\/3037"}],"wp:attachment":[{"href":"https:\/\/motel-majolka.si\/de\/wp-json\/wp\/v2\/media?parent=1263"}],"curies":[{"name":"wp","href":"https:\/\/api.w.org\/{rel}","templated":true}]}}